{"id":9,"date":"2013-01-14T17:20:54","date_gmt":"2013-01-14T15:20:54","guid":{"rendered":"http:\/\/www.kopfduett.de\/page\/?page_id=9"},"modified":"2026-01-11T18:39:23","modified_gmt":"2026-01-11T16:39:23","slug":"unsere-leistungen","status":"publish","type":"page","link":"https:\/\/www.kopfduett.de\/page\/unsere-leistungen\/","title":{"rendered":"Unsere Leistungen"},"content":{"rendered":"<p>[et_pb_section fb_built=&#8220;1&#8243; _builder_version=&#8220;4.16&#8243; background_color=&#8220;rgba(0,0,0,0)&#8220; global_colors_info=&#8220;{}&#8220;][et_pb_row _builder_version=&#8220;4.16&#8243; background_color=&#8220;rgba(255,255,255,0.8)&#8220; background_size=&#8220;initial&#8220; background_position=&#8220;top_left&#8220; background_repeat=&#8220;repeat&#8220; global_colors_info=&#8220;{}&#8220;][et_pb_column type=&#8220;4_4&#8243; _builder_version=&#8220;4.16&#8243; custom_padding=&#8220;|||&#8220; global_colors_info=&#8220;{}&#8220; custom_padding__hover=&#8220;|||&#8220;][et_pb_text _builder_version=&#8220;4.27.5&#8243; text_text_color=&#8220;#e09900&#8243; background_size=&#8220;initial&#8220; background_position=&#8220;top_left&#8220; background_repeat=&#8220;repeat&#8220; text_orientation=&#8220;center&#8220; hover_enabled=&#8220;0&#8243; global_colors_info=&#8220;{}&#8220; sticky_enabled=&#8220;0&#8243;]<\/p>\n<h1>Leistungen und Preise<\/h1>\n<p style=\"text-align: center;\">Hier finden Sie unsere Preis- und Leistungs\u00fcbersicht<\/p>\n<p><a href=\"https:\/\/www.kopfduett.de\/page\/wp-content\/uploads\/2026\/01\/preisliste-11-01-2026.pdf\" target=\"_blank\" rel=\"noopener\"><img loading=\"lazy\" decoding=\"async\" class=\"wp-image-403 aligncenter size-full\" src=\"https:\/\/www.kopfduett.de\/page\/wp-content\/uploads\/2026\/01\/preise-11-01-2026.jpg\" alt=\"\" width=\"1256\" height=\"889\" srcset=\"https:\/\/www.kopfduett.de\/page\/wp-content\/uploads\/2026\/01\/preise-11-01-2026.jpg 1256w, https:\/\/www.kopfduett.de\/page\/wp-content\/uploads\/2026\/01\/preise-11-01-2026-980x694.jpg 980w, https:\/\/www.kopfduett.de\/page\/wp-content\/uploads\/2026\/01\/preise-11-01-2026-480x340.jpg 480w\" sizes=\"(min-width: 0px) and (max-width: 480px) 480px, (min-width: 481px) and (max-width: 980px) 980px, (min-width: 981px) 1256px, 100vw\" \/><\/a><\/p>\n<p style=\"text-align: center;\">(Klick zur Verg\u00f6\u00dferung)<\/p>\n<p style=\"text-align: center;\"><a href=\"https:\/\/www.kopfduett.de\/page\/wp-content\/uploads\/2026\/01\/preisliste-11-01-2026.pdf\" target=\"_blank\" rel=\"noopener\">unsere Preise<\/a><\/p>\n<p>[\/et_pb_text][\/et_pb_column][\/et_pb_row][\/et_pb_section]<\/p>\n","protected":false},"excerpt":{"rendered":"<p>Leistungen und Preise Hier finden Sie unsere Preis- und Leistungs\u00fcbersicht (Klick zur Verg\u00f6\u00dferung) unsere Preise<\/p>\n","protected":false},"author":1,"featured_media":0,"parent":0,"menu_order":0,"comment_status":"open","ping_status":"open","template":"","meta":{"_et_pb_use_builder":"on","_et_pb_old_content":"<p style=\"text-align: center;\">Hier finden Sie unsere Preis- und Leistungs\u00fcbersicht<\/p><p><a href=\"https:\/\/www.kopfduett.de\/page\/wp-content\/uploads\/2013\/01\/preisliste-14-02-2018.jpg\"><img class=\"aligncenter wp-image-220 size-medium\" src=\"https:\/\/www.kopfduett.de\/page\/wp-content\/uploads\/2013\/01\/preisliste-14-02-2018-300x212.jpg\" alt=\"\" width=\"300\" height=\"212\" \/><\/a><\/p><p style=\"text-align: center;\">(Klick zur Verg\u00f6\u00dferung)<\/p><p style=\"text-align: center;\"><a href=\"https:\/\/www.kopfduett.de\/page\/wp-content\/uploads\/2013\/01\/unsere-Preise.pdf\">unsere Preise<\/a><\/p>","_et_gb_content_width":"","inline_featured_image":false,"footnotes":""},"class_list":["post-9","page","type-page","status-publish","hentry"],"_links":{"self":[{"href":"https:\/\/www.kopfduett.de\/page\/wp-json\/wp\/v2\/pages\/9","targetHints":{"allow":["GET"]}}],"collection":[{"href":"https:\/\/www.kopfduett.de\/page\/wp-json\/wp\/v2\/pages"}],"about":[{"href":"https:\/\/www.kopfduett.de\/page\/wp-json\/wp\/v2\/types\/page"}],"author":[{"embeddable":true,"href":"https:\/\/www.kopfduett.de\/page\/wp-json\/wp\/v2\/users\/1"}],"replies":[{"embeddable":true,"href":"https:\/\/www.kopfduett.de\/page\/wp-json\/wp\/v2\/comments?post=9"}],"version-history":[{"count":49,"href":"https:\/\/www.kopfduett.de\/page\/wp-json\/wp\/v2\/pages\/9\/revisions"}],"predecessor-version":[{"id":407,"href":"https:\/\/www.kopfduett.de\/page\/wp-json\/wp\/v2\/pages\/9\/revisions\/407"}],"wp:attachment":[{"href":"https:\/\/www.kopfduett.de\/page\/wp-json\/wp\/v2\/media?parent=9"}],"curies":[{"name":"wp","href":"https:\/\/api.w.org\/{rel}","templated":true}]}}